{"id":5296,"date":"2026-02-20T11:31:44","date_gmt":"2026-02-20T11:31:44","guid":{"rendered":"https:\/\/buborekszinhaz.hu\/?page_id=5296"},"modified":"2026-04-22T10:57:23","modified_gmt":"2026-04-22T10:57:23","slug":"jatsszvelunk","status":"publish","type":"page","link":"https:\/\/buborekszinhaz.hu\/index.php\/jatsszvelunk\/","title":{"rendered":"J\u00e1tssz vel\u00fcnk!"},"content":{"rendered":"\t\t<div data-elementor-type=\"wp-page\" data-elementor-id=\"5296\" class=\"elementor elementor-5296\">\n\t\t\t\t\t\t<section class=\"elementor-section elementor-top-section elementor-element elementor-element-50e86137 elementor-section-boxed elementor-section-height-default elementor-section-height-default\" data-id=\"50e86137\" data-element_type=\"section\" data-e-type=\"section\">\n\t\t\t\t\t\t<div class=\"elementor-container elementor-column-gap-default\">\n\t\t\t\t\t<div class=\"elementor-column elementor-col-100 elementor-top-column elementor-element elementor-element-15772940\" data-id=\"15772940\" data-element_type=\"column\" data-e-type=\"column\">\n\t\t\t<div class=\"elementor-widget-wrap elementor-element-populated\">\n\t\t\t\t\t\t<div class=\"elementor-element elementor-element-3574d8b9 elementor-widget elementor-widget-heading\" data-id=\"3574d8b9\" data-element_type=\"widget\" data-e-type=\"widget\" data-widget_type=\"heading.default\">\n\t\t\t\t<div class=\"elementor-widget-container\">\n\t\t\t\t\t<h2 class=\"elementor-heading-title elementor-size-default\">Add meg itt a c\u00edmsor sz\u00f6veg\u00e9t<\/h2>\t\t\t\t<\/div>\n\t\t\t\t<\/div>\n\t\t\t\t\t<\/div>\n\t\t<\/div>\n\t\t\t\t\t<\/div>\n\t\t<\/section>\n\t\t\t\t<section class=\"elementor-section elementor-top-section elementor-element elementor-element-343ccda5 elementor-section-boxed elementor-section-height-default elementor-section-height-default\" data-id=\"343ccda5\" data-element_type=\"section\" data-e-type=\"section\">\n\t\t\t\t\t\t<div class=\"elementor-container elementor-column-gap-default\">\n\t\t\t\t\t<div class=\"elementor-column elementor-col-50 elementor-top-column elementor-element elementor-element-5845327c\" data-id=\"5845327c\" data-element_type=\"column\" data-e-type=\"column\">\n\t\t\t<div class=\"elementor-widget-wrap elementor-element-populated\">\n\t\t\t\t\t\t<div class=\"elementor-element elementor-element-e67f292 elementor-widget elementor-widget-image\" data-id=\"e67f292\" data-element_type=\"widget\" data-e-type=\"widget\" data-widget_type=\"image.default\">\n\t\t\t\t<div class=\"elementor-widget-container\">\n\t\t\t\t\t\t\t\t\t\t\t\t\t\t\t<img fetchpriority=\"high\" decoding=\"async\" width=\"724\" height=\"1024\" src=\"https:\/\/buborekszinhaz.hu\/wp-content\/uploads\/2026\/03\/Jatssz-velunk-2-724x1024.png\" class=\"attachment-large size-large wp-image-5437\" alt=\"\" srcset=\"https:\/\/buborekszinhaz.hu\/wp-content\/uploads\/2026\/03\/Jatssz-velunk-2-724x1024.png 724w, https:\/\/buborekszinhaz.hu\/wp-content\/uploads\/2026\/03\/Jatssz-velunk-2-212x300.png 212w, https:\/\/buborekszinhaz.hu\/wp-content\/uploads\/2026\/03\/Jatssz-velunk-2-768x1086.png 768w, https:\/\/buborekszinhaz.hu\/wp-content\/uploads\/2026\/03\/Jatssz-velunk-2-1086x1536.png 1086w, https:\/\/buborekszinhaz.hu\/wp-content\/uploads\/2026\/03\/Jatssz-velunk-2-1448x2048.png 1448w, https:\/\/buborekszinhaz.hu\/wp-content\/uploads\/2026\/03\/Jatssz-velunk-2-600x849.png 600w, https:\/\/buborekszinhaz.hu\/wp-content\/uploads\/2026\/03\/Jatssz-velunk-2.png 1587w\" sizes=\"(max-width: 724px) 100vw, 724px\" \/>\t\t\t\t\t\t\t\t\t\t\t\t\t\t\t<\/div>\n\t\t\t\t<\/div>\n\t\t\t\t<div class=\"elementor-element elementor-element-50cf0d9 elementor-widget elementor-widget-text-editor\" data-id=\"50cf0d9\" data-element_type=\"widget\" data-e-type=\"widget\" data-widget_type=\"text-editor.default\">\n\t\t\t\t<div class=\"elementor-widget-container\">\n\t\t\t\t\t\t\t\t\t<p><span style=\"color: #000000; font-size: 10pt;\"><span style=\"font-weight: 400;\">*A program k\u00fcl\u00f6n megrendelhet\u0151 c\u00e9ges csapat\u00e9p\u00edt\u0151kre vagy priv\u00e1t rendezv\u00e9nyekre\u00a0<\/span>a <span style=\"font-weight: bold;\">szinjatszo@buborekszinhaz.hu<\/span>\u00a0email c\u00edmen.<\/span><\/p>\t\t\t\t\t\t\t\t<\/div>\n\t\t\t\t<\/div>\n\t\t\t\t\t<\/div>\n\t\t<\/div>\n\t\t\t\t<div class=\"elementor-column elementor-col-50 elementor-top-column elementor-element elementor-element-34f62ec2\" data-id=\"34f62ec2\" data-element_type=\"column\" data-e-type=\"column\">\n\t\t\t<div class=\"elementor-widget-wrap elementor-element-populated\">\n\t\t\t\t\t\t<div class=\"elementor-element elementor-element-7443138b elementor-widget elementor-widget-heading\" data-id=\"7443138b\" data-element_type=\"widget\" data-e-type=\"widget\" data-widget_type=\"heading.default\">\n\t\t\t\t<div class=\"elementor-widget-container\">\n\t\t\t\t\t<h2 class=\"elementor-heading-title elementor-size-default\">Bar\u00e1tkozz vel\u00fcnk!<\/h2>\t\t\t\t<\/div>\n\t\t\t\t<\/div>\n\t\t\t\t<div class=\"elementor-element elementor-element-36163dcb elementor-widget elementor-widget-text-editor\" data-id=\"36163dcb\" data-element_type=\"widget\" data-e-type=\"widget\" data-widget_type=\"text-editor.default\">\n\t\t\t\t<div class=\"elementor-widget-container\">\n\t\t\t\t\t\t\t\t\t<p><span style=\"font-weight: 400;\">\u00a0<\/span><\/p><p><span style=\"font-weight: 400;\">T\u00fal sok az unalmas small talk, \u00e9s egyre kevesebb a val\u00f3s t\u00e1rsas \u00e9lm\u00e9ny?<\/span><\/p><p><span style=\"font-weight: 400;\">Hi\u00e1nyzik az igazi kapcsol\u00f3d\u00e1s?<\/span><\/p><p><span style=\"font-weight: 400;\">Ezen a workshopon a felsz\u00ednes cseveg\u00e9sek helyett k\u00f6nnyed, sz\u00f3rakoztat\u00f3 form\u00e1ban \u00e9p\u00edt\u00fcnk kapcsolatot, k\u00f6z\u00f6ss\u00e9get, bar\u00e1ts\u00e1gokat.<\/span><\/p><p><span style=\"font-weight: 400;\">Biztons\u00e1gos, elfogad\u00f3 t\u00e9rben j\u00e1tszunk, figyel\u00fcnk, reag\u00e1lunk, alkotunk. Dr\u00e1ma- \u00e9s tr\u00e9ningm\u00f3dszereken kereszt\u00fcl ismerked\u00fcnk, \u00e9s hozzuk l\u00e9tre a tal\u00e1lkoz\u00e1sokat \u2013 meg\u00e9lj\u00fck \u0151ket.<\/span><\/p><p><span style=\"font-weight: 400;\">A kreat\u00edv, vicces \u00e9s \u00e9lm\u00e9nyalap\u00fa j\u00e1t\u00e9kokban a hangs\u00faly az egy\u00fcttm\u0171k\u00f6d\u00e9sen, a k\u00f6lcs\u00f6n\u00f6s figyelmen, a nyitotts\u00e1gon \u00e9s a t\u00e1mogat\u00e1son van.<\/span><\/p><p><span style=\"font-weight: 400;\">Itt nem kell szerepet j\u00e1tszanod.<\/span><\/p><p><span style=\"font-weight: 400;\">Nincs nyom\u00e1s. Nincs elv\u00e1r\u00e1s.<\/span><\/p><p><span style=\"font-weight: 400;\">El\u00e9g, ha jelen vagy.<\/span><\/p><p><span style=\"font-weight: 400;\">Ez egy tal\u00e1lkoz\u00e1s, ahol j\u00f3 egy\u00fctt lenni.<\/span><\/p><p><span style=\"font-weight: 400;\">Ha szeretn\u00e9l \u00faj embereket megismerni, j\u00e1tszva tanulni magadr\u00f3l \u00e9s m\u00e1sokr\u00f3l, sokat nevetni, \u00e9s v\u00e1gysz a val\u00f3di emberi kapcsol\u00f3d\u00e1sokra, ugorj be hozz\u00e1nk!<\/span><\/p><p><span style=\"font-weight: 400;\">Legyen \u00e9lm\u00e9ny neked is. K\u00f6z\u00f6s veled is.<\/span><\/p><p>Helysz\u00edn: META \u2013 M\u0171vszeti K\u00f6zpont (1133 Budapest, Heged\u0171s Gyula u. 97\/C)<\/p><p>Id\u0151tartam: 2,5 \u00f3ra<\/p><p>\u00a0<\/p>\t\t\t\t\t\t\t\t<\/div>\n\t\t\t\t<\/div>\n\t\t\t\t<div class=\"elementor-element elementor-element-ed897e6 elementor-align-center elementor-widget elementor-widget-button\" data-id=\"ed897e6\" data-element_type=\"widget\" data-e-type=\"widget\" data-widget_type=\"button.default\">\n\t\t\t\t<div class=\"elementor-widget-container\">\n\t\t\t\t\t\t\t\t\t<div class=\"elementor-button-wrapper\">\n\t\t\t\t\t<a class=\"elementor-button elementor-button-link elementor-size-sm\" href=\"https:\/\/jegy.hu\/partner\/buborekszinhazegyesulet\/program\/jatssz-velunk\/8815bbfa-fc93-46ed-a999-5dfc8496e045\">\n\t\t\t\t\t\t<span class=\"elementor-button-content-wrapper\">\n\t\t\t\t\t\t\t\t\t<span class=\"elementor-button-text\">Jegyek<\/span>\n\t\t\t\t\t<\/span>\n\t\t\t\t\t<\/a>\n\t\t\t\t<\/div>\n\t\t\t\t\t\t\t\t<\/div>\n\t\t\t\t<\/div>\n\t\t\t\t\t<\/div>\n\t\t<\/div>\n\t\t\t\t\t<\/div>\n\t\t<\/section>\n\t\t\t\t<\/div>\n\t\t","protected":false},"excerpt":{"rendered":"<p>Add meg itt a c\u00edmsor sz\u00f6veg\u00e9t *A program k\u00fcl\u00f6n megrendelhet\u0151 c\u00e9ges csapat\u00e9p\u00edt\u0151kre vagy priv\u00e1t rendezv\u00e9nyekre\u00a0a szinjatszo@buborekszinhaz.hu\u00a0email c\u00edmen. Bar\u00e1tkozz vel\u00fcnk! \u00a0 [&hellip;]<\/p>\n","protected":false},"author":1,"featured_media":0,"parent":0,"menu_order":0,"comment_status":"closed","ping_status":"closed","template":"","meta":{"site-sidebar-layout":"no-sidebar","site-content-layout":"","ast-site-content-layout":"full-width-container","site-content-style":"default","site-sidebar-style":"default","ast-global-header-display":"","ast-banner-title-visibility":"","ast-main-header-display":"","ast-hfb-above-header-display":"","ast-hfb-below-header-display":"","ast-hfb-mobile-header-display":"","site-post-title":"disabled","ast-breadcrumbs-content":"","ast-featured-img":"disabled","footer-sml-layout":"","theme-transparent-header-meta":"default","adv-header-id-meta":"","stick-header-meta":"","header-above-stick-meta":"","header-main-stick-meta":"","header-below-stick-meta":"","astra-migrate-meta-layouts":"set","ast-page-background-enabled":"default","ast-page-background-meta":{"desktop":{"background-color":"var(--ast-global-color-4)","background-image":"","background-repeat":"repeat","background-position":"center center","background-size":"auto","background-attachment":"scroll","background-type":"","background-media":"","overlay-type":"","overlay-color":"","overlay-opacity":"","overlay-gradient":""},"tablet":{"background-color":"","background-image":"","background-repeat":"repeat","background-position":"center center","background-size":"auto","background-attachment":"scroll","background-type":"","background-media":"","overlay-type":"","overlay-color":"","overlay-opacity":"","overlay-gradient":""},"mobile":{"background-color":"","background-image":"","background-repeat":"repeat","background-position":"center center","background-size":"auto","background-attachment":"scroll","background-type":"","background-media":"","overlay-type":"","overlay-color":"","overlay-opacity":"","overlay-gradient":""}},"ast-content-background-meta":{"desktop":{"background-color":"var(--ast-global-color-5)","background-image":"","background-repeat":"repeat","background-position":"center center","background-size":"auto","background-attachment":"scroll","background-type":"","background-media":"","overlay-type":"","overlay-color":"","overlay-opacity":"","overlay-gradient":""},"tablet":{"background-color":"var(--ast-global-color-5)","background-image":"","background-repeat":"repeat","background-position":"center center","background-size":"auto","background-attachment":"scroll","background-type":"","background-media":"","overlay-type":"","overlay-color":"","overlay-opacity":"","overlay-gradient":""},"mobile":{"background-color":"var(--ast-global-color-5)","background-image":"","background-repeat":"repeat","background-position":"center center","background-size":"auto","background-attachment":"scroll","background-type":"","background-media":"","overlay-type":"","overlay-color":"","overlay-opacity":"","overlay-gradient":""}},"footnotes":""},"categories":[],"tags":[],"class_list":["post-5296","page","type-page","status-publish","hentry"],"jetpack_sharing_enabled":true,"_links":{"self":[{"href":"https:\/\/buborekszinhaz.hu\/index.php\/wp-json\/wp\/v2\/pages\/5296","targetHints":{"allow":["GET"]}}],"collection":[{"href":"https:\/\/buborekszinhaz.hu\/index.php\/wp-json\/wp\/v2\/pages"}],"about":[{"href":"https:\/\/buborekszinhaz.hu\/index.php\/wp-json\/wp\/v2\/types\/page"}],"author":[{"embeddable":true,"href":"https:\/\/buborekszinhaz.hu\/index.php\/wp-json\/wp\/v2\/users\/1"}],"replies":[{"embeddable":true,"href":"https:\/\/buborekszinhaz.hu\/index.php\/wp-json\/wp\/v2\/comments?post=5296"}],"version-history":[{"count":13,"href":"https:\/\/buborekszinhaz.hu\/index.php\/wp-json\/wp\/v2\/pages\/5296\/revisions"}],"predecessor-version":[{"id":5502,"href":"https:\/\/buborekszinhaz.hu\/index.php\/wp-json\/wp\/v2\/pages\/5296\/revisions\/5502"}],"wp:attachment":[{"href":"https:\/\/buborekszinhaz.hu\/index.php\/wp-json\/wp\/v2\/media?parent=5296"}],"wp:term":[{"taxonomy":"category","embeddable":true,"href":"https:\/\/buborekszinhaz.hu\/index.php\/wp-json\/wp\/v2\/categories?post=5296"},{"taxonomy":"post_tag","embeddable":true,"href":"https:\/\/buborekszinhaz.hu\/index.php\/wp-json\/wp\/v2\/tags?post=5296"}],"curies":[{"name":"wp","href":"https:\/\/api.w.org\/{rel}","templated":true}]}}